{"id":136,"date":"2017-04-05T11:10:23","date_gmt":"2017-04-05T10:10:23","guid":{"rendered":"http:\/\/www.softsky.co.rs\/softskyblog\/?page_id=136"},"modified":"2022-12-25T11:05:52","modified_gmt":"2022-12-25T11:05:52","slug":"najam-softvera","status":"publish","type":"page","link":"https:\/\/softsky.rs\/softskyblog\/najam-softvera\/","title":{"rendered":"Online softver"},"content":{"rendered":"<p>Web aplikacija sadr\u017ei slede\u0107e komponente:<\/p>\n<ol>\n<li>Finansijsko knjigovodstvo<\/li>\n<li>Obra\u010dun zarada<\/li>\n<li>Osnovna sredstva i sitan inventar<\/li>\n<li>Blagajna<\/li>\n<li>Fakture usluga<\/li>\n<li>Veleprodaja<\/li>\n<li>Proizvodnja\u00a0sa delom za\u00a0veleprodaju<\/li>\n<li>Maloprodaja<\/li>\n<\/ol>\n<p>Aplikacija je instalirana na sajtu <a href=\"https:\/\/www.softsky.info\">www.softsky.info<\/a> gde mo\u017eete kao demo korisnik da isprobate kako aplikacija radi i da vidite da li vam aplikacija odgovara. Mese\u010dna cena kori\u0161\u0107enja programa zavisi od broja baza odnosno:<\/p>\n<ul>\n<li>broja programskih komponenti koje koristite<\/li>\n<li>od broja klijenata za koje se vode poslovne knjige<\/li>\n<li>broja poslovnica u maloprodaji<\/li>\n<\/ul>\n<p>Kalkulator cene mozete videti <a href=\"http:\/\/www.softsky.co.rs\/kalk\/index.php\">ovde<\/a>.<\/p>\n<p>U\u00a0kori\u0161\u0107enje softvera uklju\u010deno je mese\u010dno\u00a0odr\u017eavanje u vidu korisni\u010dke podr\u0161ke, zakonskih izmena u programu te sigurnosne za\u0161tite\u00a0(backup-a) podataka na dnevnoj bazi.<\/p>\n<p>Klijent ima mogu\u0107nost da uz doplatu dobije &#8216;offline&#8217; win verziju za prethodne godine koja ce slu\u017eiti za pregled i \u0161tampu izve\u0161taja kao i lokalni backup programa i baza podataka prethodnih godina.<\/p>\n<p>Kontaktirajte nas:\u00a0<a href=\"http:\/\/www.softsky.rs\/softskyblog\/kontakt\">kontakt<\/a><\/p>\n","protected":false},"excerpt":{"rendered":"<p>Web aplikacija sadr\u017ei slede\u0107e komponente: Finansijsko knjigovodstvo Obra\u010dun zarada Osnovna sredstva i sitan inventar Blagajna Fakture usluga Veleprodaja Proizvodnja\u00a0sa delom za\u00a0veleprodaju Maloprodaja Aplikacija je instalirana na sajtu www.softsky.info gde mo\u017eete kao demo korisnik da isprobate kako aplikacija radi i da vidite da li vam aplikacija odgovara. Mese\u010dna cena kori\u0161\u0107enja programa zavisi od broja baza odnosno:\u2026 <span class=\"read-more\"><a href=\"https:\/\/softsky.rs\/softskyblog\/najam-softvera\/\">Read More &raquo;<\/a><\/span><\/p>\n","protected":false},"author":1,"featured_media":0,"parent":0,"menu_order":0,"comment_status":"closed","ping_status":"closed","template":"","meta":{"footnotes":""},"class_list":["post-136","page","type-page","status-publish","hentry"],"_links":{"self":[{"href":"https:\/\/softsky.rs\/softskyblog\/wp-json\/wp\/v2\/pages\/136","targetHints":{"allow":["GET"]}}],"collection":[{"href":"https:\/\/softsky.rs\/softskyblog\/wp-json\/wp\/v2\/pages"}],"about":[{"href":"https:\/\/softsky.rs\/softskyblog\/wp-json\/wp\/v2\/types\/page"}],"author":[{"embeddable":true,"href":"https:\/\/softsky.rs\/softskyblog\/wp-json\/wp\/v2\/users\/1"}],"replies":[{"embeddable":true,"href":"https:\/\/softsky.rs\/softskyblog\/wp-json\/wp\/v2\/comments?post=136"}],"version-history":[{"count":1,"href":"https:\/\/softsky.rs\/softskyblog\/wp-json\/wp\/v2\/pages\/136\/revisions"}],"predecessor-version":[{"id":418,"href":"https:\/\/softsky.rs\/softskyblog\/wp-json\/wp\/v2\/pages\/136\/revisions\/418"}],"wp:attachment":[{"href":"https:\/\/softsky.rs\/softskyblog\/wp-json\/wp\/v2\/media?parent=136"}],"curies":[{"name":"wp","href":"https:\/\/api.w.org\/{rel}","templated":true}]}}